{"id":47,"date":"2023-08-09T08:43:20","date_gmt":"2023-08-09T11:43:20","guid":{"rendered":"https:\/\/concremac.com.br\/?page_id=47"},"modified":"2023-09-28T16:37:53","modified_gmt":"2023-09-28T19:37:53","slug":"home","status":"publish","type":"page","link":"https:\/\/concremac.com.br\/","title":{"rendered":""},"content":{"rendered":"\n<figure class=\"wp-block-image alignfull size-full is-style-default\"><img loading=\"lazy\" decoding=\"async\" width=\"1600\" height=\"1204\" src=\"https:\/\/concremac.com.br\/wp-content\/uploads\/2023\/08\/IMG-20230802-WA0006.jpg\" alt=\"\" class=\"wp-image-61\" style=\"aspect-ratio:16\/9;object-fit:cover\" srcset=\"https:\/\/concremac.com.br\/wp-content\/uploads\/2023\/08\/IMG-20230802-WA0006.jpg 1600w, https:\/\/concremac.com.br\/wp-content\/uploads\/2023\/08\/IMG-20230802-WA0006-300x226.jpg 300w, https:\/\/concremac.com.br\/wp-content\/uploads\/2023\/08\/IMG-20230802-WA0006-1024x771.jpg 1024w, https:\/\/concremac.com.br\/wp-content\/uploads\/2023\/08\/IMG-20230802-WA0006-768x578.jpg 768w, https:\/\/concremac.com.br\/wp-content\/uploads\/2023\/08\/IMG-20230802-WA0006-1536x1156.jpg 1536w\" sizes=\"auto, (max-width: 1600px) 100vw, 1600px\" \/><\/figure>\n\n\n\n<p class=\"has-text-align-center has-ast-global-color-7-background-color has-background has-large-font-size\" id=\"quem-somos\" style=\"margin-top:0;margin-bottom:0;padding-top:var(--wp--preset--spacing--50);padding-right:0;padding-bottom:var(--wp--preset--spacing--50);padding-left:0\">Mais do que concreto, nossa conex\u00e3o \u00e9 a base do progresso da sua obra.<\/p>\n\n\n\n<div class=\"wp-block-group is-layout-constrained wp-block-group-is-layout-constrained\">\n<p class=\"justify-text\" style=\"margin-right:0;margin-left:0;padding-right:0;padding-left:0\">Em 1996, a Concremac nasceu no pr\u00f3prio canteiro de uma obra, marcando o in\u00edcio de uma jornada fundamentada no compromisso e na paix\u00e3o pela constru\u00e7\u00e3o. Desde ent\u00e3o, temos estado profundamente enraizados no universo da edifica\u00e7\u00e3o, desenvolvendo solu\u00e7\u00f5es concretas que moldam o cen\u00e1rio urbano.<\/p>\n\n\n\n<p class=\"justify-text\" style=\"margin-right:0;margin-left:0;padding-right:0;padding-left:0\">Com a passagem dos anos, em 2001, demos um passo significativo ao estabelecer nossa base em uma \u00e1rea pr\u00f3pria. Essa mudan\u00e7a estrat\u00e9gica nos permitiu expandir nossos horizontes e oferecer nossos servi\u00e7os para Mar\u00edlia e regi\u00e3o. Essa transi\u00e7\u00e3o representou n\u00e3o apenas uma evolu\u00e7\u00e3o f\u00edsica, mas tamb\u00e9m um aprimoramento na forma como conectamos nossa expertise a projetos ambiciosos.<\/p>\n\n\n\n<p class=\"justify-text\" style=\"margin-right:0;margin-left:0;padding-right:0;padding-left:0\">Vale destacar que a Concremac transcende a singularidade de uma concreteira. Hoje, fazemos parte de uma Holding que abrange tamb\u00e9m uma construtora e incorporadora. Essa integra\u00e7\u00e3o sin\u00e9rgica nos d\u00e1 a capacidade \u00fanica de oferecer uma abordagem abrangente, desde as bases at\u00e9 a concep\u00e7\u00e3o completa de empreendimentos.<\/p>\n\n\n\n<p class=\"justify-text\" style=\"margin-right:0;margin-left:0;padding-right:0;padding-left:0\">Nossa hist\u00f3ria \u00e9 um testemunho do nosso comprometimento em superar desafios, construir parcerias s\u00f3lidas e edificar resultados que transformam vis\u00f5es em realidade. Olhamos para o futuro com entusiasmo, prontos para continuar construindo n\u00e3o apenas estruturas, mas tamb\u00e9m rela\u00e7\u00f5es duradouras e realiza\u00e7\u00f5es not\u00e1veis.<\/p>\n<\/div>\n\n\n\n<div class=\"wp-block-columns alignfull are-vertically-aligned-center has-ast-global-color-7-background-color has-background is-layout-flex wp-container-core-columns-is-layout-28f84493 wp-block-columns-is-layout-flex\" id=\"produtos\">\n<div class=\"wp-block-column is-vertically-aligned-center is-layout-flow wp-block-column-is-layout-flow\">\n<p class=\"has-text-align-center has-large-font-size\">Concreto Convencional<\/p>\n\n\n\n<div class=\"wp-block-group is-layout-constrained wp-block-group-is-layout-constrained\">\n<div class=\"wp-block-group is-layout-constrained wp-block-group-is-layout-constrained\">\n<p class=\"has-text-align-left\">Amplamente utilizado em diversas aplica\u00e7\u00f5es, como lajes, pilares, vigas, funda\u00e7\u00f5es, cal\u00e7adas, estradas, pontes e muitos outros elementos de constru\u00e7\u00e3o. Sua popularidade se deve \u00e0 sua confiabilidade, custo-efetividade e versatilidade, al\u00e9m de ser uma escolha dur\u00e1vel para uma ampla gama de projetos de constru\u00e7\u00e3o.<\/p>\n<\/div>\n<\/div>\n<\/div>\n\n\n\n<div class=\"wp-block-column is-vertically-aligned-center is-layout-flow wp-block-column-is-layout-flow\">\n<figure class=\"wp-block-image size-large is-style-rounded\" id=\"Convencional\"><img loading=\"lazy\" decoding=\"async\" width=\"1024\" height=\"681\" src=\"https:\/\/concremac.com.br\/wp-content\/uploads\/2023\/08\/Concreto-convencional-e1507230662522-1-1024x681.jpg\" alt=\"\" class=\"wp-image-173\" srcset=\"https:\/\/concremac.com.br\/wp-content\/uploads\/2023\/08\/Concreto-convencional-e1507230662522-1-1024x681.jpg 1024w, https:\/\/concremac.com.br\/wp-content\/uploads\/2023\/08\/Concreto-convencional-e1507230662522-1-300x200.jpg 300w, https:\/\/concremac.com.br\/wp-content\/uploads\/2023\/08\/Concreto-convencional-e1507230662522-1-768x511.jpg 768w, https:\/\/concremac.com.br\/wp-content\/uploads\/2023\/08\/Concreto-convencional-e1507230662522-1.jpg 1200w\" sizes=\"auto, (max-width: 1024px) 100vw, 1024px\" \/><\/figure>\n<\/div>\n<\/div>\n\n\n\n<div class=\"wp-block-columns is-layout-flex wp-container-core-columns-is-layout-28f84493 wp-block-columns-is-layout-flex\">\n<div class=\"wp-block-column is-layout-flow wp-block-column-is-layout-flow\">\n<figure class=\"wp-block-image size-full is-style-rounded\"><img loading=\"lazy\" decoding=\"async\" width=\"1000\" height=\"667\" src=\"https:\/\/concremac.com.br\/wp-content\/uploads\/2023\/08\/278707-concreto-bombeado-conheca-as-vantagens-e-os-cuidados-necessarios-em-sua-aplicacao.jpg\" alt=\"\" class=\"wp-image-174\" srcset=\"https:\/\/concremac.com.br\/wp-content\/uploads\/2023\/08\/278707-concreto-bombeado-conheca-as-vantagens-e-os-cuidados-necessarios-em-sua-aplicacao.jpg 1000w, https:\/\/concremac.com.br\/wp-content\/uploads\/2023\/08\/278707-concreto-bombeado-conheca-as-vantagens-e-os-cuidados-necessarios-em-sua-aplicacao-300x200.jpg 300w, https:\/\/concremac.com.br\/wp-content\/uploads\/2023\/08\/278707-concreto-bombeado-conheca-as-vantagens-e-os-cuidados-necessarios-em-sua-aplicacao-768x512.jpg 768w\" sizes=\"auto, (max-width: 1000px) 100vw, 1000px\" \/><\/figure>\n<\/div>\n\n\n\n<div class=\"wp-block-column is-vertically-aligned-center is-layout-flow wp-block-column-is-layout-flow\">\n<p class=\"has-text-align-center has-large-font-size\" id=\"Bombeavel\">Concreto Bombe\u00e1vel<\/p>\n\n\n\n<p>Possui caracter\u00edsticas \u00fanicas que o tornam adequado para situa\u00e7\u00f5es em que \u00e9 necess\u00e1rio um alto n\u00edvel de fluidez e capacidade de se autonivelar, sem a necessidade de vibra\u00e7\u00e3o externa.Projetado com uma combina\u00e7\u00e3o cuidadosa de materiais, aditivos e propor\u00e7\u00f5es para atingir a fluidez desejada sem sacrificar a resist\u00eancia e a durabilidade. Facilitando o bombeamento e preenchendo espa\u00e7os complexos e estreitos por conta pr\u00f3pria, sem a necessidade de compacta\u00e7\u00e3o mec\u00e2nica.<\/p>\n<\/div>\n<\/div>\n\n\n\n<div class=\"wp-block-columns alignfull has-ast-global-color-7-background-color has-background is-layout-flex wp-container-core-columns-is-layout-28f84493 wp-block-columns-is-layout-flex\">\n<div class=\"wp-block-column is-vertically-aligned-center is-layout-flow wp-block-column-is-layout-flow\">\n<p class=\"has-text-align-center has-large-font-size\" id=\"Extrusado\">Concreto Extrusado<\/p>\n\n\n\n<p>Abordagem inovadora na ind\u00fastria da constru\u00e7\u00e3o que permite a produ\u00e7\u00e3o eficiente de elementos pr\u00e9-fabricados com formas complexas. Sua capacidade de customiza\u00e7\u00e3o, efici\u00eancia e controle de qualidade fazem dele uma op\u00e7\u00e3o interessante para muitos projetos de constru\u00e7\u00e3o.<\/p>\n<\/div>\n\n\n\n<div class=\"wp-block-column is-layout-flow wp-block-column-is-layout-flow\">\n<figure class=\"wp-block-image size-large is-style-rounded\"><img loading=\"lazy\" decoding=\"async\" width=\"1024\" height=\"576\" src=\"https:\/\/concremac.com.br\/wp-content\/uploads\/2023\/08\/maxresdefault-1024x576.jpg\" alt=\"\" class=\"wp-image-175\" srcset=\"https:\/\/concremac.com.br\/wp-content\/uploads\/2023\/08\/maxresdefault-1024x576.jpg 1024w, https:\/\/concremac.com.br\/wp-content\/uploads\/2023\/08\/maxresdefault-300x169.jpg 300w, https:\/\/concremac.com.br\/wp-content\/uploads\/2023\/08\/maxresdefault-768x432.jpg 768w, https:\/\/concremac.com.br\/wp-content\/uploads\/2023\/08\/maxresdefault.jpg 1280w\" sizes=\"auto, (max-width: 1024px) 100vw, 1024px\" \/><\/figure>\n<\/div>\n<\/div>\n\n\n\n<div class=\"wp-block-columns is-layout-flex wp-container-core-columns-is-layout-28f84493 wp-block-columns-is-layout-flex\">\n<div class=\"wp-block-column is-layout-flow wp-block-column-is-layout-flow\">\n<figure class=\"wp-block-image size-full is-resized is-style-rounded\"><img loading=\"lazy\" decoding=\"async\" src=\"https:\/\/concremac.com.br\/wp-content\/uploads\/2023\/08\/concretoautoadensavel-edited.jpg\" alt=\"\" class=\"wp-image-179\" style=\"width:639px;height:432px\" width=\"639\" height=\"432\"\/><\/figure>\n<\/div>\n\n\n\n<div class=\"wp-block-column is-vertically-aligned-center is-layout-flow wp-block-column-is-layout-flow\">\n<p class=\"has-text-align-center has-large-font-size\" id=\"Autoadensavel\">Concreto Autoadens\u00e1vel<\/p>\n\n\n\n<p>Solu\u00e7\u00e3o avan\u00e7ada que combina a tecnologia de concreto com a busca por efici\u00eancia e qualidade. Sua capacidade de preencher espa\u00e7os de forma consistente e uniforme torna-o uma escolha valiosa para projetos que exigem alta precis\u00e3o e est\u00e9tica.<\/p>\n<\/div>\n<\/div>\n\n\n\n<div class=\"wp-block-columns alignfull has-ast-global-color-7-background-color has-background is-layout-flex wp-container-core-columns-is-layout-28f84493 wp-block-columns-is-layout-flex\">\n<div class=\"wp-block-column is-vertically-aligned-center is-layout-flow wp-block-column-is-layout-flow\">\n<p class=\"has-text-align-center has-large-font-size\" id=\"Leve\">Concreto Leve<\/p>\n\n\n\n<p>Usado principalmente quando a redu\u00e7\u00e3o de peso \u00e9 uma considera\u00e7\u00e3o importante, seja por raz\u00f5es estruturais, de isolamento t\u00e9rmico ou outras necessidades espec\u00edficas.<\/p>\n<\/div>\n\n\n\n<div class=\"wp-block-column is-layout-flow wp-block-column-is-layout-flow\">\n<figure class=\"wp-block-image size-full is-style-rounded\"><img loading=\"lazy\" decoding=\"async\" width=\"800\" height=\"450\" src=\"https:\/\/concremac.com.br\/wp-content\/uploads\/2023\/08\/concretos-para-laje-13.jpeg\" alt=\"\" class=\"wp-image-177\" srcset=\"https:\/\/concremac.com.br\/wp-content\/uploads\/2023\/08\/concretos-para-laje-13.jpeg 800w, https:\/\/concremac.com.br\/wp-content\/uploads\/2023\/08\/concretos-para-laje-13-300x169.jpeg 300w, https:\/\/concremac.com.br\/wp-content\/uploads\/2023\/08\/concretos-para-laje-13-768x432.jpeg 768w\" sizes=\"auto, (max-width: 800px) 100vw, 800px\" \/><\/figure>\n<\/div>\n<\/div>\n\n\n\n<div class=\"wp-block-columns is-layout-flex wp-container-core-columns-is-layout-28f84493 wp-block-columns-is-layout-flex\">\n<div class=\"wp-block-column is-layout-flow wp-block-column-is-layout-flow\">\n<figure class=\"wp-block-image size-full is-style-rounded\"><img loading=\"lazy\" decoding=\"async\" width=\"790\" height=\"490\" src=\"https:\/\/concremac.com.br\/wp-content\/uploads\/2023\/08\/shutterstock_1155322867.png\" alt=\"\" class=\"wp-image-180\" srcset=\"https:\/\/concremac.com.br\/wp-content\/uploads\/2023\/08\/shutterstock_1155322867.png 790w, https:\/\/concremac.com.br\/wp-content\/uploads\/2023\/08\/shutterstock_1155322867-300x186.png 300w, https:\/\/concremac.com.br\/wp-content\/uploads\/2023\/08\/shutterstock_1155322867-768x476.png 768w\" sizes=\"auto, (max-width: 790px) 100vw, 790px\" \/><\/figure>\n<\/div>\n\n\n\n<div class=\"wp-block-column is-vertically-aligned-center is-layout-flow wp-block-column-is-layout-flow\">\n<p class=\"has-text-align-center has-large-font-size\" id=\"CAD\">Concreto de Alto Desempenho &#8211; CAD<\/p>\n\n\n\n<p>Formulado com uma combina\u00e7\u00e3o precisa de materiais de alta qualidade, aditivos e t\u00e9cnicas de mistura avan\u00e7adas para atingir caracter\u00edsticas mec\u00e2nicas, durabilidade e est\u00e9tica excepcionais. Frequentemente utilizado em projetos que requerem uma resist\u00eancia mais elevada, maior durabilidade e desempenho superior em ambientes agressivos ou situa\u00e7\u00f5es especiais. \u00c9 uma solu\u00e7\u00e3o valiosa para projetos que buscam qualidade, durabilidade e desempenho superiores.<\/p>\n<\/div>\n<\/div>\n\n\n\n<div class=\"wp-block-columns alignfull has-ast-global-color-7-background-color has-background is-layout-flex wp-container-core-columns-is-layout-28f84493 wp-block-columns-is-layout-flex\">\n<div class=\"wp-block-column is-vertically-aligned-center is-layout-flow wp-block-column-is-layout-flow\">\n<p class=\"has-text-align-center has-large-font-size\" id=\"CAR\">Concreto de Alta Resist\u00eancia &#8211; CAR<\/p>\n\n\n\n<p>Desenvolvido usando materiais de alta qualidade, propor\u00e7\u00f5es otimizadas de ingredientes e t\u00e9cnicas de mistura avan\u00e7adas para atingir um n\u00edvel superior de for\u00e7a e durabilidade.\u00c9 uma op\u00e7\u00e3o valiosa para projetos que necessitam de elementos estruturais capazes de suportar cargas pesadas e condi\u00e7\u00f5es adversas. No entanto, \u00e9 importante considerar os requisitos de mistura, manuseio e controle de qualidade ao utilizar CAR para garantir que ele atenda \u00e0s expectativas de desempenho.<\/p>\n<\/div>\n\n\n\n<div class=\"wp-block-column is-layout-flow wp-block-column-is-layout-flow\">\n<figure class=\"wp-block-image size-full is-resized is-style-rounded\"><img decoding=\"async\" src=\"https:\/\/concremac.com.br\/wp-content\/uploads\/2023\/08\/concreto-de-alta-resistencia.webp\" alt=\"\" class=\"wp-image-181\" style=\"height:350px\" height=\"350\" srcset=\"https:\/\/concremac.com.br\/wp-content\/uploads\/2023\/08\/concreto-de-alta-resistencia.webp 620w, https:\/\/concremac.com.br\/wp-content\/uploads\/2023\/08\/concreto-de-alta-resistencia-300x200.webp 300w\" sizes=\"(max-width: 620px) 100vw, 620px\" \/><\/figure>\n<\/div>\n<\/div>\n\n\n\n<div class=\"wp-block-columns is-layout-flex wp-container-core-columns-is-layout-28f84493 wp-block-columns-is-layout-flex\">\n<div class=\"wp-block-column is-layout-flow wp-block-column-is-layout-flow\">\n<figure class=\"wp-block-image size-full is-style-rounded\"><img loading=\"lazy\" decoding=\"async\" width=\"800\" height=\"400\" src=\"https:\/\/concremac.com.br\/wp-content\/uploads\/2023\/08\/graute-composicao-do-graute.webp\" alt=\"\" class=\"wp-image-199\" style=\"object-fit:cover\" srcset=\"https:\/\/concremac.com.br\/wp-content\/uploads\/2023\/08\/graute-composicao-do-graute.webp 800w, https:\/\/concremac.com.br\/wp-content\/uploads\/2023\/08\/graute-composicao-do-graute-300x150.webp 300w, https:\/\/concremac.com.br\/wp-content\/uploads\/2023\/08\/graute-composicao-do-graute-768x384.webp 768w\" sizes=\"auto, (max-width: 800px) 100vw, 800px\" \/><\/figure>\n<\/div>\n\n\n\n<div class=\"wp-block-column is-vertically-aligned-center is-layout-flow wp-block-column-is-layout-flow\">\n<p class=\"has-text-align-center is-style-rounded has-large-font-size\" id=\"Graute\">Concreto Graute<\/p>\n\n\n\n<p>Usado para ancorar, fixar ou preencher cavidades em elementos estruturais, como vigas de a\u00e7o embutidas em concreto ou ancoragens de fixa\u00e7\u00f5es.\u00c9  parte essencial da constru\u00e7\u00e3o quando se trata de fixar e refor\u00e7ar elementos estruturais, especialmente em casos onde a integridade estrutural \u00e9 crucial. Sua formula\u00e7\u00e3o e aplica\u00e7\u00e3o cuidadosas s\u00e3o necess\u00e1rias para garantir que ele cumpra com sucesso o seu prop\u00f3sito de refor\u00e7o e fixa\u00e7\u00e3o.<\/p>\n<\/div>\n<\/div>\n\n\n\n<div class=\"wp-block-columns alignfull has-ast-global-color-7-background-color has-background is-layout-flex wp-container-core-columns-is-layout-28f84493 wp-block-columns-is-layout-flex\">\n<div class=\"wp-block-column is-vertically-aligned-center is-layout-flow wp-block-column-is-layout-flow\">\n<p class=\"has-text-align-center has-large-font-size\" id=\"Estabilizado\">Concreto Estabilizado<\/p>\n\n\n\n<p>Normalmente \u00e9 aplicado como preenchimento em estruturas de concreto armado, cintas, vergas e contravergas, pilares, canaletas, reparos pontuais em pisos e outras estruturas de concreto com fissuras, trincas, entre outros problemas superficiais e\/ou estruturais.<\/p>\n<\/div>\n\n\n\n<div class=\"wp-block-column is-layout-flow wp-block-column-is-layout-flow\">\n<figure class=\"wp-block-image size-large is-style-rounded\"><img loading=\"lazy\" decoding=\"async\" width=\"1024\" height=\"683\" src=\"https:\/\/concremac.com.br\/wp-content\/uploads\/2023\/08\/607ed2ea6fe22e1646ca1fa8_ADITIVOS-PARA-CONCRETO-1024x683.jpeg\" alt=\"\" class=\"wp-image-216\" srcset=\"https:\/\/concremac.com.br\/wp-content\/uploads\/2023\/08\/607ed2ea6fe22e1646ca1fa8_ADITIVOS-PARA-CONCRETO-1024x683.jpeg 1024w, https:\/\/concremac.com.br\/wp-content\/uploads\/2023\/08\/607ed2ea6fe22e1646ca1fa8_ADITIVOS-PARA-CONCRETO-300x200.jpeg 300w, https:\/\/concremac.com.br\/wp-content\/uploads\/2023\/08\/607ed2ea6fe22e1646ca1fa8_ADITIVOS-PARA-CONCRETO-768x512.jpeg 768w, https:\/\/concremac.com.br\/wp-content\/uploads\/2023\/08\/607ed2ea6fe22e1646ca1fa8_ADITIVOS-PARA-CONCRETO.jpeg 1440w\" sizes=\"auto, (max-width: 1024px) 100vw, 1024px\" \/><\/figure>\n<\/div>\n<\/div>\n\n\n\n<div class=\"wp-block-columns is-layout-flex wp-container-core-columns-is-layout-28f84493 wp-block-columns-is-layout-flex\">\n<div class=\"wp-block-column is-layout-flow wp-block-column-is-layout-flow\">\n<figure class=\"wp-block-image size-full is-resized is-style-rounded\"><img decoding=\"async\" src=\"https:\/\/concremac.com.br\/wp-content\/uploads\/2023\/08\/Argamassa-assentamento-de-tijolos-e-blocos-1024x684-1.jpg\" alt=\"\" class=\"wp-image-201\" style=\"height:350px\" height=\"350\" srcset=\"https:\/\/concremac.com.br\/wp-content\/uploads\/2023\/08\/Argamassa-assentamento-de-tijolos-e-blocos-1024x684-1.jpg 1024w, https:\/\/concremac.com.br\/wp-content\/uploads\/2023\/08\/Argamassa-assentamento-de-tijolos-e-blocos-1024x684-1-300x200.jpg 300w, https:\/\/concremac.com.br\/wp-content\/uploads\/2023\/08\/Argamassa-assentamento-de-tijolos-e-blocos-1024x684-1-768x513.jpg 768w\" sizes=\"(max-width: 1024px) 100vw, 1024px\" \/><\/figure>\n<\/div>\n\n\n\n<div class=\"wp-block-column is-vertically-aligned-center is-layout-flow wp-block-column-is-layout-flow\">\n<p class=\"has-text-align-center has-large-font-size\" id=\"Argamassa\">Argamassa Pronto Assentamento<\/p>\n\n\n\n<p>Material utilizado para fazer a liga\u00e7\u00e3o entre os componentes da&nbsp;alvenaria, sejam tijolos cer\u00e2micos ou blocos de concreto. <\/p>\n<\/div>\n<\/div>\n\n\n\n<div class=\"wp-block-columns alignfull has-ast-global-color-7-background-color has-background is-layout-flex wp-container-core-columns-is-layout-28f84493 wp-block-columns-is-layout-flex\">\n<div class=\"wp-block-column is-vertically-aligned-center is-layout-flow wp-block-column-is-layout-flow\">\n<p class=\"has-text-align-center is-style-rounded has-large-font-size\" id=\"Reboco\">Reboco Estabilizado<\/p>\n\n\n\n<p>Entregue j\u00e1 pronto para uso, com umidade adequada, al\u00e9m de fornecer maior tempo para sua cura. Desta forma, sua distribui\u00e7\u00e3o e log\u00edstica conseguem&nbsp;atender obras com maiores&nbsp;dist\u00e2ncias de uma usina fornecedora do material.<\/p>\n<\/div>\n\n\n\n<div class=\"wp-block-column is-layout-flow wp-block-column-is-layout-flow\">\n<figure class=\"wp-block-image size-full is-resized is-style-rounded\"><img decoding=\"async\" src=\"https:\/\/concremac.com.br\/wp-content\/uploads\/2023\/08\/6-2-edited.webp\" alt=\"\" class=\"wp-image-203\" style=\"height:350px\" height=\"350\" srcset=\"https:\/\/concremac.com.br\/wp-content\/uploads\/2023\/08\/6-2-edited.webp 692w, https:\/\/concremac.com.br\/wp-content\/uploads\/2023\/08\/6-2-edited-300x225.webp 300w\" sizes=\"(max-width: 692px) 100vw, 692px\" \/><\/figure>\n<\/div>\n<\/div>\n","protected":false},"excerpt":{"rendered":"<p>Mais do que concreto, nossa conex\u00e3o \u00e9 a base do progresso da sua obra. Em 1996, a Concremac nasceu no pr\u00f3prio canteiro de uma obra, marcando o in\u00edcio de uma jornada fundamentada no compromisso e na paix\u00e3o pela constru\u00e7\u00e3o. Desde ent\u00e3o, temos estado profundamente enraizados no universo da edifica\u00e7\u00e3o, desenvolvendo solu\u00e7\u00f5es concretas que moldam o &hellip;<\/p>\n<p class=\"read-more\"> <a class=\"\" href=\"https:\/\/concremac.com.br\/\">  Read More &raquo;<\/a><\/p>\n","protected":false},"author":1,"featured_media":0,"parent":0,"menu_order":0,"comment_status":"closed","ping_status":"closed","template":"","meta":{"site-sidebar-layout":"no-sidebar","site-content-layout":"page-builder","ast-site-content-layout":"full-width-container","site-content-style":"unboxed","site-sidebar-style":"unboxed","ast-global-header-display":"","ast-banner-title-visibility":"","ast-main-header-display":"","ast-hfb-above-header-display":"","ast-hfb-below-header-display":"","ast-hfb-mobile-header-display":"","site-post-title":"disabled","ast-breadcrumbs-content":"","ast-featured-img":"","footer-sml-layout":"","theme-transparent-header-meta":"","adv-header-id-meta":"","stick-header-meta":"","header-above-stick-meta":"","header-main-stick-meta":"","header-below-stick-meta":"","astra-migrate-meta-layouts":"set","footnotes":""},"class_list":["post-47","page","type-page","status-publish","hentry"],"_links":{"self":[{"href":"https:\/\/concremac.com.br\/index.php?rest_route=\/wp\/v2\/pages\/47","targetHints":{"allow":["GET"]}}],"collection":[{"href":"https:\/\/concremac.com.br\/index.php?rest_route=\/wp\/v2\/pages"}],"about":[{"href":"https:\/\/concremac.com.br\/index.php?rest_route=\/wp\/v2\/types\/page"}],"author":[{"embeddable":true,"href":"https:\/\/concremac.com.br\/index.php?rest_route=\/wp\/v2\/users\/1"}],"replies":[{"embeddable":true,"href":"https:\/\/concremac.com.br\/index.php?rest_route=%2Fwp%2Fv2%2Fcomments&post=47"}],"version-history":[{"count":48,"href":"https:\/\/concremac.com.br\/index.php?rest_route=\/wp\/v2\/pages\/47\/revisions"}],"predecessor-version":[{"id":231,"href":"https:\/\/concremac.com.br\/index.php?rest_route=\/wp\/v2\/pages\/47\/revisions\/231"}],"wp:attachment":[{"href":"https:\/\/concremac.com.br\/index.php?rest_route=%2Fwp%2Fv2%2Fmedia&parent=47"}],"curies":[{"name":"wp","href":"https:\/\/api.w.org\/{rel}","templated":true}]}}